{"id":43,"date":"2024-12-11T06:33:44","date_gmt":"2024-12-11T06:33:44","guid":{"rendered":"https:\/\/tin-associates.com.vn\/?page_id=43"},"modified":"2025-01-20T11:42:47","modified_gmt":"2025-01-20T04:42:47","slug":"home","status":"publish","type":"page","link":"https:\/\/tin-associates.com.vn\/vi\/","title":{"rendered":"Trang ch\u1ee7"},"content":{"rendered":"\t\t<div data-elementor-type=\"wp-page\" data-elementor-id=\"43\" class=\"elementor elementor-43\" data-elementor-post-type=\"page\">\n\t\t\t\t<div class=\"elementor-element elementor-element-a797b42 e-con-full e-flex e-con e-parent\" data-id=\"a797b42\" data-element_type=\"container\" data-settings=\"{&quot;background_background&quot;:&quot;video&quot;,&quot;background_video_link&quot;:&quot;https:\\\/\\\/tin-associates.com.vn\\\/wp-content\\\/uploads\\\/2024\\\/12\\\/VILAF-Vietnam-International-Law-Firm.mp4&quot;,&quot;background_play_on_mobile&quot;:&quot;yes&quot;}\">\n\t\t<div class=\"elementor-background-video-container\">\n\t\t\t\t\t\t\t<video class=\"elementor-background-video-hosted elementor-html5-video\" autoplay muted playsinline loop><\/video>\n\t\t\t\t\t<\/div><div class=\"elementor-element elementor-element-a97388b e-flex e-con-boxed e-con e-child\" data-id=\"a97388b\" data-element_type=\"container\">\n\t\t\t\t\t<div class=\"e-con-inner\">\n\t\t\t\t<div class=\"elementor-element elementor-element-e0fc70c elementor--h-position-right custom-slider-home elementor--v-position-middle elementor-pagination-position-inside elementor-widget elementor-widget-slides\" data-id=\"e0fc70c\" data-element_type=\"widget\" data-settings=\"{&quot;navigation&quot;:&quot;dots&quot;,&quot;transition_speed&quot;:1500,&quot;autoplay&quot;:&quot;yes&quot;,&quot;pause_on_interaction&quot;:&quot;yes&quot;,&quot;autoplay_speed&quot;:5000,&quot;infinite&quot;:&quot;yes&quot;,&quot;transition&quot;:&quot;slide&quot;}\" data-widget_type=\"slides.default\">\n\t\t\t\t<div class=\"elementor-widget-container\">\n\t\t\t\t\t\t\t<div class=\"elementor-swiper\">\n\t\t\t<div class=\"elementor-slides-wrapper elementor-main-swiper swiper\" dir=\"ltr\" data-animation=\"fadeInDown\">\n\t\t\t\t<div class=\"swiper-wrapper elementor-slides\">\n\t\t\t\t\t\t\t\t\t\t<div class=\"elementor-repeater-item-3d727cc swiper-slide\"><div class=\"swiper-slide-bg\" role=\"img\"><\/div><div class=\"swiper-slide-inner\" ><div class=\"swiper-slide-contents\"><div class=\"elementor-slide-description\">C\u00d4NG TY LU\u1eacT TNHH T\u00cdN V\u00c0 ASSOCIATES<\/div><\/div><\/div><\/div><div class=\"elementor-repeater-item-5f23d01 swiper-slide\"><div class=\"swiper-slide-bg\" role=\"img\"><\/div><div class=\"swiper-slide-inner\" ><div class=\"swiper-slide-contents\"><div class=\"elementor-slide-description\">TRUNG TH\u00c0NH - T\u00cdN NHI\u1ec6M<\/div><\/div><\/div><\/div><div class=\"elementor-repeater-item-36949a6 swiper-slide\"><div class=\"swiper-slide-bg\" role=\"img\"><\/div><div class=\"swiper-slide-inner\" ><div class=\"swiper-slide-contents\"><div class=\"elementor-slide-description\">B\u1ea2O V\u1ec6 L\u1ee2I \u00cdCH PH\u00c1P L\u00dd<\/div><\/div><\/div><\/div><div class=\"elementor-repeater-item-640da7a swiper-slide\"><div class=\"swiper-slide-bg\" role=\"img\"><\/div><div class=\"swiper-slide-inner\" ><div class=\"swiper-slide-contents\"><div class=\"elementor-slide-description\">GI\u1ea2M THI\u1ec2U R\u1ee6I RO PH\u00c1P L\u00dd<\/div><\/div><\/div><\/div>\t\t\t\t<\/div>\n\t\t\t\t\t\t\t\t\t\t\t\t\t\t\t<div class=\"swiper-pagination\"><\/div>\n\t\t\t\t\t\t\t\t\t\t\t\t\t\t\t\t\t<\/div>\n\t\t<\/div>\n\t\t\t\t\t\t<\/div>\n\t\t\t\t<\/div>\n\t\t\t\t\t<\/div>\n\t\t\t\t<\/div>\n\t\t\t\t<\/div>\n\t\t\t\t<\/div>\n\t\t","protected":false},"excerpt":{"rendered":"<p>C\u00d4NG TY LU\u1eacT TNHH T\u00cdN V\u00c0 ASSOCIATESTRUNG TH\u00c0NH &#8211; T\u00cdN NHI\u1ec6MB\u1ea2O V\u1ec6 L\u1ee2I \u00cdCH PH\u00c1P L\u00ddGI\u1ea2M THI\u1ec2U R\u1ee6I RO PH\u00c1P L\u00dd<\/p>\n","protected":false},"author":1,"featured_media":0,"parent":0,"menu_order":0,"comment_status":"closed","ping_status":"closed","template":"elementor_header_footer","meta":{"_acf_changed":false,"footnotes":""},"class_list":["post-43","page","type-page","status-publish","hentry"],"acf":[],"_links":{"self":[{"href":"https:\/\/tin-associates.com.vn\/vi\/wp-json\/wp\/v2\/pages\/43","targetHints":{"allow":["GET"]}}],"collection":[{"href":"https:\/\/tin-associates.com.vn\/vi\/wp-json\/wp\/v2\/pages"}],"about":[{"href":"https:\/\/tin-associates.com.vn\/vi\/wp-json\/wp\/v2\/types\/page"}],"author":[{"embeddable":true,"href":"https:\/\/tin-associates.com.vn\/vi\/wp-json\/wp\/v2\/users\/1"}],"replies":[{"embeddable":true,"href":"https:\/\/tin-associates.com.vn\/vi\/wp-json\/wp\/v2\/comments?post=43"}],"version-history":[{"count":71,"href":"https:\/\/tin-associates.com.vn\/vi\/wp-json\/wp\/v2\/pages\/43\/revisions"}],"predecessor-version":[{"id":945,"href":"https:\/\/tin-associates.com.vn\/vi\/wp-json\/wp\/v2\/pages\/43\/revisions\/945"}],"wp:attachment":[{"href":"https:\/\/tin-associates.com.vn\/vi\/wp-json\/wp\/v2\/media?parent=43"}],"curies":[{"name":"wp","href":"https:\/\/api.w.org\/{rel}","templated":true}]}}