{"id":147,"date":"2024-12-12T08:26:19","date_gmt":"2024-12-12T08:26:19","guid":{"rendered":"https:\/\/tin-associates.com.vn\/?page_id=147"},"modified":"2025-01-14T10:11:30","modified_gmt":"2025-01-14T03:11:30","slug":"thanh-tuu","status":"publish","type":"page","link":"https:\/\/tin-associates.com.vn\/vi\/about-us\/thanh-tuu\/","title":{"rendered":"Th\u00e0nh t\u1ef1u"},"content":{"rendered":"\t\t<div data-elementor-type=\"wp-page\" data-elementor-id=\"147\" class=\"elementor elementor-147\" data-elementor-post-type=\"page\">\n\t\t\t\t<div class=\"elementor-element elementor-element-a0f1ce7 e-con-full e-flex e-con e-parent\" data-id=\"a0f1ce7\" data-element_type=\"container\">\n\t\t\t\t<div class=\"elementor-element elementor-element-583edb6 elementor-widget elementor-widget-image\" data-id=\"583edb6\" data-element_type=\"widget\" data-widget_type=\"image.default\">\n\t\t\t\t<div class=\"elementor-widget-container\">\n\t\t\t\t\t\t\t\t\t\t\t\t\t\t\t<img fetchpriority=\"high\" decoding=\"async\" width=\"1200\" height=\"400\" src=\"https:\/\/tin-associates.com.vn\/wp-content\/uploads\/2025\/01\/steptodown.com904943.jpg\" class=\"attachment-full size-full wp-image-844\" alt=\"\" srcset=\"https:\/\/tin-associates.com.vn\/wp-content\/uploads\/2025\/01\/steptodown.com904943.jpg 1200w, https:\/\/tin-associates.com.vn\/wp-content\/uploads\/2025\/01\/steptodown.com904943-300x100.jpg 300w, https:\/\/tin-associates.com.vn\/wp-content\/uploads\/2025\/01\/steptodown.com904943-1024x341.jpg 1024w, https:\/\/tin-associates.com.vn\/wp-content\/uploads\/2025\/01\/steptodown.com904943-768x256.jpg 768w, https:\/\/tin-associates.com.vn\/wp-content\/uploads\/2025\/01\/steptodown.com904943-18x6.jpg 18w\" sizes=\"(max-width: 1200px) 100vw, 1200px\" \/>\t\t\t\t\t\t\t\t\t\t\t\t\t\t\t<\/div>\n\t\t\t\t<\/div>\n\t\t\t\t<\/div>\n\t\t<div class=\"elementor-element elementor-element-b1c6446 e-flex e-con-boxed e-con e-parent\" data-id=\"b1c6446\" data-element_type=\"container\">\n\t\t\t\t\t<div class=\"e-con-inner\">\n\t\t<div class=\"elementor-element elementor-element-8edf4b9 e-con-full e-flex e-con e-child\" data-id=\"8edf4b9\" data-element_type=\"container\">\n\t\t\t\t<\/div>\n\t\t<div class=\"elementor-element elementor-element-131d4cb e-con-full e-flex e-con e-child\" data-id=\"131d4cb\" data-element_type=\"container\">\n\t\t<div class=\"elementor-element elementor-element-1568038 e-con-full e-flex e-con e-child\" data-id=\"1568038\" data-element_type=\"container\" data-settings=\"{&quot;background_background&quot;:&quot;classic&quot;}\">\n\t\t\t\t<div class=\"elementor-element elementor-element-5ab0500 html-info-side elementor-widget elementor-widget-text-editor\" data-id=\"5ab0500\" data-element_type=\"widget\" data-widget_type=\"text-editor.default\">\n\t\t\t\t<div class=\"elementor-widget-container\">\n\t\t\t\t\t\t\t\t\t<ul><li><a href=\"https:\/\/tin-associates.com.vn\/about-us\/van-phong\/\">V\u0103n ph\u00f2ng<\/a><\/li><li><a href=\"https:\/\/tin-associates.com.vn\/about-us\/thanh-tuu\/\">Th\u00e0nh t\u1ef1u<\/a><\/li><\/ul>\t\t\t\t\t\t\t\t<\/div>\n\t\t\t\t<\/div>\n\t\t\t\t<\/div>\n\t\t\t\t<div class=\"elementor-element elementor-element-ba74455 elementor-widget elementor-widget-button\" data-id=\"ba74455\" data-element_type=\"widget\" data-widget_type=\"button.default\">\n\t\t\t\t<div class=\"elementor-widget-container\">\n\t\t\t\t\t\t\t\t\t<div class=\"elementor-button-wrapper\">\n\t\t\t\t\t<a class=\"elementor-button elementor-button-link elementor-size-sm\" href=\"#\">\n\t\t\t\t\t\t<span class=\"elementor-button-content-wrapper\">\n\t\t\t\t\t\t\t\t\t<span class=\"elementor-button-text\">Li\u00ean h\u1ec7<\/span>\n\t\t\t\t\t<\/span>\n\t\t\t\t\t<\/a>\n\t\t\t\t<\/div>\n\t\t\t\t\t\t\t\t<\/div>\n\t\t\t\t<\/div>\n\t\t\t\t<\/div>\n\t\t\t\t\t<\/div>\n\t\t\t\t<\/div>\n\t\t\t\t<\/div>\n\t\t","protected":false},"excerpt":{"rendered":"<p>V\u0103n ph\u00f2ng Th\u00e0nh t\u1ef1u Li\u00ean h\u1ec7<\/p>\n","protected":false},"author":1,"featured_media":0,"parent":103,"menu_order":0,"comment_status":"closed","ping_status":"closed","template":"elementor_header_footer","meta":{"_acf_changed":false,"footnotes":""},"class_list":["post-147","page","type-page","status-publish","hentry"],"acf":[],"_links":{"self":[{"href":"https:\/\/tin-associates.com.vn\/vi\/wp-json\/wp\/v2\/pages\/147","targetHints":{"allow":["GET"]}}],"collection":[{"href":"https:\/\/tin-associates.com.vn\/vi\/wp-json\/wp\/v2\/pages"}],"about":[{"href":"https:\/\/tin-associates.com.vn\/vi\/wp-json\/wp\/v2\/types\/page"}],"author":[{"embeddable":true,"href":"https:\/\/tin-associates.com.vn\/vi\/wp-json\/wp\/v2\/users\/1"}],"replies":[{"embeddable":true,"href":"https:\/\/tin-associates.com.vn\/vi\/wp-json\/wp\/v2\/comments?post=147"}],"version-history":[{"count":29,"href":"https:\/\/tin-associates.com.vn\/vi\/wp-json\/wp\/v2\/pages\/147\/revisions"}],"predecessor-version":[{"id":917,"href":"https:\/\/tin-associates.com.vn\/vi\/wp-json\/wp\/v2\/pages\/147\/revisions\/917"}],"up":[{"embeddable":true,"href":"https:\/\/tin-associates.com.vn\/vi\/wp-json\/wp\/v2\/pages\/103"}],"wp:attachment":[{"href":"https:\/\/tin-associates.com.vn\/vi\/wp-json\/wp\/v2\/media?parent=147"}],"curies":[{"name":"wp","href":"https:\/\/api.w.org\/{rel}","templated":true}]}}