{"id":103,"date":"2024-12-12T07:44:20","date_gmt":"2024-12-12T07:44:20","guid":{"rendered":"https:\/\/tin-associates.com.vn\/?page_id=103"},"modified":"2025-07-15T14:36:26","modified_gmt":"2025-07-15T07:36:26","slug":"about-us","status":"publish","type":"page","link":"https:\/\/tin-associates.com.vn\/vi\/about-us\/","title":{"rendered":"V\u1ec1 ch\u00fang t\u00f4i"},"content":{"rendered":"\t\t<div data-elementor-type=\"wp-page\" data-elementor-id=\"103\" class=\"elementor elementor-103\" data-elementor-post-type=\"page\">\n\t\t\t\t<div class=\"elementor-element elementor-element-e8324a7 e-con-full e-flex e-con e-parent\" data-id=\"e8324a7\" data-element_type=\"container\">\n\t\t\t\t<div class=\"elementor-element elementor-element-2fd9f1e elementor-widget elementor-widget-image\" data-id=\"2fd9f1e\" data-element_type=\"widget\" data-widget_type=\"image.default\">\n\t\t\t\t<div class=\"elementor-widget-container\">\n\t\t\t\t\t\t\t\t\t\t\t\t\t\t\t<img fetchpriority=\"high\" decoding=\"async\" width=\"1200\" height=\"328\" src=\"https:\/\/tin-associates.com.vn\/wp-content\/uploads\/2025\/01\/steptodown.com576247.jpg\" class=\"attachment-full size-full wp-image-819\" alt=\"\" srcset=\"https:\/\/tin-associates.com.vn\/wp-content\/uploads\/2025\/01\/steptodown.com576247.jpg 1200w, https:\/\/tin-associates.com.vn\/wp-content\/uploads\/2025\/01\/steptodown.com576247-300x82.jpg 300w, https:\/\/tin-associates.com.vn\/wp-content\/uploads\/2025\/01\/steptodown.com576247-1024x280.jpg 1024w, https:\/\/tin-associates.com.vn\/wp-content\/uploads\/2025\/01\/steptodown.com576247-768x210.jpg 768w, https:\/\/tin-associates.com.vn\/wp-content\/uploads\/2025\/01\/steptodown.com576247-18x5.jpg 18w\" sizes=\"(max-width: 1200px) 100vw, 1200px\" \/>\t\t\t\t\t\t\t\t\t\t\t\t\t\t\t<\/div>\n\t\t\t\t<\/div>\n\t\t\t\t<\/div>\n\t\t<div class=\"elementor-element elementor-element-fad227a e-flex e-con-boxed e-con e-parent\" data-id=\"fad227a\" data-element_type=\"container\">\n\t\t\t\t\t<div class=\"e-con-inner\">\n\t\t<div class=\"elementor-element elementor-element-c23243d e-con-full e-flex e-con e-child\" data-id=\"c23243d\" data-element_type=\"container\">\n\t\t\t\t<div class=\"elementor-element elementor-element-3b63feb elementor-widget-divider--view-line elementor-widget elementor-widget-divider\" data-id=\"3b63feb\" data-element_type=\"widget\" data-widget_type=\"divider.default\">\n\t\t\t\t<div class=\"elementor-widget-container\">\n\t\t\t\t\t\t\t<div class=\"elementor-divider\">\n\t\t\t<span class=\"elementor-divider-separator\">\n\t\t\t\t\t\t<\/span>\n\t\t<\/div>\n\t\t\t\t\t\t<\/div>\n\t\t\t\t<\/div>\n\t\t\t\t<div class=\"elementor-element elementor-element-5e5ed82 elementor-widget elementor-widget-text-editor\" data-id=\"5e5ed82\" data-element_type=\"widget\" data-widget_type=\"text-editor.default\">\n\t\t\t\t<div class=\"elementor-widget-container\">\n\t\t\t\t\t\t\t\t\t<p><img decoding=\"async\" class=\"size-medium wp-image-1065 aligncenter\" src=\"https:\/\/tin-associates.com.vn\/wp-content\/uploads\/2025\/06\/z6693317094227_18685906c7c732520617e9f738e12f7c-300x200.jpg\" alt=\"\" width=\"600\" height=\"400\" srcset=\"https:\/\/tin-associates.com.vn\/wp-content\/uploads\/2025\/06\/z6693317094227_18685906c7c732520617e9f738e12f7c-300x200.jpg 300w, https:\/\/tin-associates.com.vn\/wp-content\/uploads\/2025\/06\/z6693317094227_18685906c7c732520617e9f738e12f7c-1024x683.jpg 1024w, https:\/\/tin-associates.com.vn\/wp-content\/uploads\/2025\/06\/z6693317094227_18685906c7c732520617e9f738e12f7c-768x512.jpg 768w, https:\/\/tin-associates.com.vn\/wp-content\/uploads\/2025\/06\/z6693317094227_18685906c7c732520617e9f738e12f7c-1536x1024.jpg 1536w, https:\/\/tin-associates.com.vn\/wp-content\/uploads\/2025\/06\/z6693317094227_18685906c7c732520617e9f738e12f7c-2048x1366.jpg 2048w, https:\/\/tin-associates.com.vn\/wp-content\/uploads\/2025\/06\/z6693317094227_18685906c7c732520617e9f738e12f7c-18x12.jpg 18w\" sizes=\"(max-width: 600px) 100vw, 600px\" \/><\/p><p>T\u00cdN &amp; ASSOCIATES l\u00e0 C\u00f4ng ty Lu\u1eadt t\u1ea1i Vi\u1ec7t Nam, chuy\u00ean cung c\u1ea5p \u0111a d\u1ea1ng c\u00e1c d\u1ecbch v\u1ee5 ph\u00e1p l\u00fd cho c\u00e1c t\u1ed5 ch\u1ee9c, doanh nghi\u1ec7p, c\u00e1 nh\u00e2n trong v\u00e0 ngo\u00e0i n\u01b0\u1edbc.<\/p><p>V\u1edbi s\u1ee9 m\u1ec7nh \u201c<strong><em>Trung th\u00e0nh v\u1edbi kh\u00e1ch h\u00e0ng \u2013 Uy t\u00edn v\u1edbi nh\u00e2n vi\u00ean, \u0111\u1ed1i t\u00e1c<\/em><\/strong>\u201d, T\u00cdN &amp; ASSOCIATES lu\u00f4n n\u1ed7 l\u1ef1c kh\u00f4ng ng\u1eebng \u0111\u1ec3 ho\u00e0n th\u00e0nh s\u1ee9 m\u1ec7nh \u0111\u00f3.<\/p><p>D\u01b0\u1edbi s\u1ef1 d\u1eabn d\u1eaft v\u00e0 \u0111i\u1ec1u h\u00e0nh b\u1edfi Lu\u1eadt s\u01b0 Nguy\u1ec5n Trung T\u00edn &#8211; th\u00e0nh vi\u00ean s\u00e1ng l\u1eadp, T\u00cdN &amp; ASSOCIATES kh\u00f4ng ng\u1eebng c\u1ea3i thi\u1ec7n, n\u00e2ng cao ch\u1ea5t l\u01b0\u1ee3ng d\u1ecbch v\u1ee5 ph\u00e1p l\u00fd \u0111\u1ec3 mang l\u1ea1i hi\u1ec7u qu\u1ea3 t\u1ed1i \u0111a cho kh\u00e1ch h\u00e0ng.<\/p><p>L\u0129nh v\u1ef1c ho\u1ea1t \u0111\u1ed9ng \u0111a d\u1ea1ng g\u1ed3m: tham gia t\u1ed1 t\u1ee5ng h\u00ecnh s\u1ef1 (b\u00e0o ch\u1eefa, b\u1ea3o v\u1ec7 quy\u1ec1n l\u1ee3i \u00edch h\u1ee3p ph\u00e1p); tham gia t\u01b0 v\u1ea5n, t\u1ed1 t\u1ee5ng c\u00e1c v\u1ee5 \u00e1n, v\u1ee5 vi\u1ec7c d\u00e2n s\u1ef1; t\u01b0 v\u1ea5n cho c\u00e1c doanh nghi\u1ec7p, nh\u00e0 \u0111\u1ea7u t\u01b0; Lu\u1eadt s\u01b0 ri\u00eang cho c\u00e1 nh\u00e2n, gia \u0111\u00ecnh&#8230;<\/p><p>Ch\u00fang t\u00f4i hi\u1ec7n c\u00f3 02 v\u0103n ph\u00f2ng \u0111\u1eb7t t\u1ea1i TP. H\u1ed3 Ch\u00ed Minh v\u00e0 TP. Quy Nh\u01a1n, t\u1ec9nh B\u00ecnh \u0110\u1ecbnh.<\/p>\t\t\t\t\t\t\t\t<\/div>\n\t\t\t\t<\/div>\n\t\t\t\t<div class=\"elementor-element elementor-element-ed68c63 elementor-widget elementor-widget-heading\" data-id=\"ed68c63\" data-element_type=\"widget\" data-widget_type=\"heading.default\">\n\t\t\t\t<div class=\"elementor-widget-container\">\n\t\t\t\t\t<h2 class=\"elementor-heading-title elementor-size-default\">V\u0103n ph\u00f2ng H\u1ed3 Ch\u00ed Minh<\/h2>\t\t\t\t<\/div>\n\t\t\t\t<\/div>\n\t\t\t\t<div class=\"elementor-element elementor-element-dc5af9b elementor-widget elementor-widget-text-editor\" data-id=\"dc5af9b\" data-element_type=\"widget\" data-widget_type=\"text-editor.default\">\n\t\t\t\t<div class=\"elementor-widget-container\">\n\t\t\t\t\t\t\t\t\t<p>\u0110\u1ecba ch\u1ec9: 75\/16 Ho\u00e0ng Sa, ph\u01b0\u1eddng S\u00e0i G\u00f2n, TP. H\u1ed3 Ch\u00ed Minh<\/p><p>Email: <a href=\"mailto:tin@tin-associates.com.vn\">tin@tin-associates.com.vn<\/a>\u00a0\u00a0\u00a0\u00a0\u00a0<\/p><p>\u0110i\u1ec7n tho\u1ea1i: <a href=\"tel:0909.005.641\">0909.005.641<\/a> \u2013 <a href=\"tel:0909.005.641\">0962.157.959<\/a><\/p>\t\t\t\t\t\t\t\t<\/div>\n\t\t\t\t<\/div>\n\t\t\t\t<div class=\"elementor-element elementor-element-ff8be7e elementor-widget elementor-widget-heading\" data-id=\"ff8be7e\" data-element_type=\"widget\" data-widget_type=\"heading.default\">\n\t\t\t\t<div class=\"elementor-widget-container\">\n\t\t\t\t\t<h2 class=\"elementor-heading-title elementor-size-default\">V\u0103n ph\u00f2ng TP. Quy Nh\u01a1n<\/h2>\t\t\t\t<\/div>\n\t\t\t\t<\/div>\n\t\t\t\t<div class=\"elementor-element elementor-element-07d36d8 elementor-widget elementor-widget-text-editor\" data-id=\"07d36d8\" data-element_type=\"widget\" data-widget_type=\"text-editor.default\">\n\t\t\t\t<div class=\"elementor-widget-container\">\n\t\t\t\t\t\t\t\t\t<p>\u0110\u1ecba ch\u1ec9: 85 Hu\u1ef3nh T\u1ea5n Ph\u00e1t, ph\u01b0\u1eddng Quy Nh\u01a1n, t\u1ec9nh Gia Lai<\/p><p>Email: <a href=\"mailto:tin@tin-associates.com.vn\">tin@tin-associates.com.vn<\/a>\u00a0\u00a0\u00a0\u00a0\u00a0<\/p><p>\u0110i\u1ec7n tho\u1ea1i: <a href=\"tel:0909.005.641\">0909.005.641<\/a> \u2013 <a href=\"tel:0909.005.641\">0962.157.959<\/a><\/p>\t\t\t\t\t\t\t\t<\/div>\n\t\t\t\t<\/div>\n\t\t\t\t<\/div>\n\t\t<div class=\"elementor-element elementor-element-d372d30 e-con-full e-flex e-con e-child\" data-id=\"d372d30\" data-element_type=\"container\">\n\t\t<div class=\"elementor-element elementor-element-3f59641 e-con-full e-flex e-con e-child\" data-id=\"3f59641\" data-element_type=\"container\" data-settings=\"{&quot;background_background&quot;:&quot;classic&quot;}\">\n\t\t\t\t<div class=\"elementor-element elementor-element-057ca39 html-info-side elementor-widget elementor-widget-text-editor\" data-id=\"057ca39\" data-element_type=\"widget\" data-widget_type=\"text-editor.default\">\n\t\t\t\t<div class=\"elementor-widget-container\">\n\t\t\t\t\t\t\t\t\t<ul><li><a href=\"https:\/\/tin-associates.com.vn\/about-us\/van-phong\/\">V\u0103n ph\u00f2ng<\/a><\/li><li><a href=\"https:\/\/tin-associates.com.vn\/about-us\/thanh-tuu\/\">Th\u00e0nh t\u1ef1u<\/a><\/li><\/ul>\t\t\t\t\t\t\t\t<\/div>\n\t\t\t\t<\/div>\n\t\t\t\t<\/div>\n\t\t\t\t<div class=\"elementor-element elementor-element-d09f8ab elementor-widget elementor-widget-button\" data-id=\"d09f8ab\" data-element_type=\"widget\" data-widget_type=\"button.default\">\n\t\t\t\t<div class=\"elementor-widget-container\">\n\t\t\t\t\t\t\t\t\t<div class=\"elementor-button-wrapper\">\n\t\t\t\t\t<a class=\"elementor-button elementor-button-link elementor-size-sm\" href=\"#\">\n\t\t\t\t\t\t<span class=\"elementor-button-content-wrapper\">\n\t\t\t\t\t\t\t\t\t<span class=\"elementor-button-text\">Li\u00ean h\u1ec7<\/span>\n\t\t\t\t\t<\/span>\n\t\t\t\t\t<\/a>\n\t\t\t\t<\/div>\n\t\t\t\t\t\t\t\t<\/div>\n\t\t\t\t<\/div>\n\t\t\t\t<\/div>\n\t\t\t\t\t<\/div>\n\t\t\t\t<\/div>\n\t\t\t\t<\/div>\n\t\t","protected":false},"excerpt":{"rendered":"<p>T\u00cdN &amp; ASSOCIATES l\u00e0 C\u00f4ng ty Lu\u1eadt t\u1ea1i Vi\u1ec7t Nam, chuy\u00ean cung c\u1ea5p \u0111a d\u1ea1ng c\u00e1c d\u1ecbch v\u1ee5 ph\u00e1p l\u00fd cho c\u00e1c t\u1ed5 ch\u1ee9c, doanh nghi\u1ec7p, c\u00e1 nh\u00e2n trong v\u00e0 ngo\u00e0i n\u01b0\u1edbc. V\u1edbi s\u1ee9 m\u1ec7nh \u201cTrung th\u00e0nh v\u1edbi kh\u00e1ch h\u00e0ng \u2013 Uy t\u00edn v\u1edbi nh\u00e2n vi\u00ean, \u0111\u1ed1i t\u00e1c\u201d, T\u00cdN &amp; ASSOCIATES lu\u00f4n n\u1ed7 l\u1ef1c kh\u00f4ng [&hellip;]<\/p>\n","protected":false},"author":1,"featured_media":0,"parent":0,"menu_order":0,"comment_status":"closed","ping_status":"closed","template":"elementor_header_footer","meta":{"_acf_changed":false,"footnotes":""},"class_list":["post-103","page","type-page","status-publish","hentry"],"acf":[],"_links":{"self":[{"href":"https:\/\/tin-associates.com.vn\/vi\/wp-json\/wp\/v2\/pages\/103","targetHints":{"allow":["GET"]}}],"collection":[{"href":"https:\/\/tin-associates.com.vn\/vi\/wp-json\/wp\/v2\/pages"}],"about":[{"href":"https:\/\/tin-associates.com.vn\/vi\/wp-json\/wp\/v2\/types\/page"}],"author":[{"embeddable":true,"href":"https:\/\/tin-associates.com.vn\/vi\/wp-json\/wp\/v2\/users\/1"}],"replies":[{"embeddable":true,"href":"https:\/\/tin-associates.com.vn\/vi\/wp-json\/wp\/v2\/comments?post=103"}],"version-history":[{"count":116,"href":"https:\/\/tin-associates.com.vn\/vi\/wp-json\/wp\/v2\/pages\/103\/revisions"}],"predecessor-version":[{"id":1082,"href":"https:\/\/tin-associates.com.vn\/vi\/wp-json\/wp\/v2\/pages\/103\/revisions\/1082"}],"wp:attachment":[{"href":"https:\/\/tin-associates.com.vn\/vi\/wp-json\/wp\/v2\/media?parent=103"}],"curies":[{"name":"wp","href":"https:\/\/api.w.org\/{rel}","templated":true}]}}