{"id":136,"date":"2024-12-12T08:20:59","date_gmt":"2024-12-12T08:20:59","guid":{"rendered":"https:\/\/tin-associates.com.vn\/?page_id=136"},"modified":"2025-07-15T15:04:28","modified_gmt":"2025-07-15T08:04:28","slug":"van-phong","status":"publish","type":"page","link":"https:\/\/tin-associates.com.vn\/en_us\/about-us\/van-phong\/","title":{"rendered":"Office"},"content":{"rendered":"<div data-elementor-type=\"wp-page\" data-elementor-id=\"136\" class=\"elementor elementor-136\" data-elementor-post-type=\"page\">\n\t\t\t\t<div class=\"elementor-element elementor-element-8f23140 e-con-full e-flex e-con e-parent\" data-id=\"8f23140\" data-element_type=\"container\">\n\t\t\t\t<div class=\"elementor-element elementor-element-0f17eaa elementor-widget elementor-widget-image\" data-id=\"0f17eaa\" data-element_type=\"widget\" data-widget_type=\"image.default\">\n\t\t\t\t<div class=\"elementor-widget-container\">\n\t\t\t\t\t\t\t\t\t\t\t\t\t\t\t<img fetchpriority=\"high\" decoding=\"async\" width=\"1200\" height=\"300\" src=\"https:\/\/tin-associates.com.vn\/wp-content\/uploads\/2025\/01\/steptodown.com936373.jpg\" class=\"attachment-full size-full wp-image-837\" alt=\"\" srcset=\"https:\/\/tin-associates.com.vn\/wp-content\/uploads\/2025\/01\/steptodown.com936373.jpg 1200w, https:\/\/tin-associates.com.vn\/wp-content\/uploads\/2025\/01\/steptodown.com936373-300x75.jpg 300w, https:\/\/tin-associates.com.vn\/wp-content\/uploads\/2025\/01\/steptodown.com936373-1024x256.jpg 1024w, https:\/\/tin-associates.com.vn\/wp-content\/uploads\/2025\/01\/steptodown.com936373-768x192.jpg 768w, https:\/\/tin-associates.com.vn\/wp-content\/uploads\/2025\/01\/steptodown.com936373-18x5.jpg 18w\" sizes=\"(max-width: 1200px) 100vw, 1200px\" \/>\t\t\t\t\t\t\t\t\t\t\t\t\t\t\t<\/div>\n\t\t\t\t<\/div>\n\t\t\t\t<\/div>\n\t\t<div class=\"elementor-element elementor-element-10a00ca e-flex e-con-boxed e-con e-parent\" data-id=\"10a00ca\" data-element_type=\"container\">\n\t\t\t\t\t<div class=\"e-con-inner\">\n\t\t<div class=\"elementor-element elementor-element-2d162fd e-con-full e-flex e-con e-child\" data-id=\"2d162fd\" data-element_type=\"container\">\n\t\t<div class=\"elementor-element elementor-element-b8500a2 e-con-full e-flex e-con e-child\" data-id=\"b8500a2\" data-element_type=\"container\">\n\t\t<div class=\"elementor-element elementor-element-486dc31 e-con-full e-flex e-con e-child\" data-id=\"486dc31\" data-element_type=\"container\">\n\t\t\t\t<div class=\"elementor-element elementor-element-0803d00 elementor-widget elementor-widget-heading\" data-id=\"0803d00\" data-element_type=\"widget\" data-widget_type=\"heading.default\">\n\t\t\t\t<div class=\"elementor-widget-container\">\n\t\t\t\t\t<h2 class=\"elementor-heading-title elementor-size-default\">Ho Chi Minh Office<\/h2>\t\t\t\t<\/div>\n\t\t\t\t<\/div>\n\t\t\t\t<div class=\"elementor-element elementor-element-fb88059 elementor-widget elementor-widget-text-editor\" data-id=\"fb88059\" data-element_type=\"widget\" data-widget_type=\"text-editor.default\">\n\t\t\t\t<div class=\"elementor-widget-container\">\n\t\t\t\t\t\t\t\t\t<p>Address: 75\/16 Hoang Sa Street, Sai Gon Ward, Ho Chi Minh City, Vietnam<\/p><p>Email: <a href=\"mailto:tin@tin-associates.com.vn\">tin@tin-associates.com.vn<\/a>\u00a0\u00a0\u00a0\u00a0\u00a0<\/p><p>Phone: <a href=\"tel:0909.005.641\">0909.005.641<\/a> \u2013 <a href=\"tel:0909.005.641\">0962.157.959<\/a><\/p>\t\t\t\t\t\t\t\t<\/div>\n\t\t\t\t<\/div>\n\t\t\t\t<\/div>\n\t\t<div class=\"elementor-element elementor-element-a007138 e-con-full e-flex e-con e-child\" data-id=\"a007138\" data-element_type=\"container\">\n\t\t\t\t<div class=\"elementor-element elementor-element-2f39953 elementor-widget elementor-widget-image\" data-id=\"2f39953\" data-element_type=\"widget\" data-widget_type=\"image.default\">\n\t\t\t\t<div class=\"elementor-widget-container\">\n\t\t\t\t\t\t\t\t\t\t\t\t\t\t\t<img decoding=\"async\" width=\"280\" height=\"200\" src=\"https:\/\/tin-associates.com.vn\/wp-content\/uploads\/2024\/12\/kumho-asiana.jpg\" class=\"attachment-full size-full wp-image-205\" alt=\"\" \/>\t\t\t\t\t\t\t\t\t\t\t\t\t\t\t<\/div>\n\t\t\t\t<\/div>\n\t\t\t\t<\/div>\n\t\t\t\t<\/div>\n\t\t\t\t<div class=\"elementor-element elementor-element-7e63eff elementor-widget-divider--view-line elementor-widget elementor-widget-divider\" data-id=\"7e63eff\" data-element_type=\"widget\" data-widget_type=\"divider.default\">\n\t\t\t\t<div class=\"elementor-widget-container\">\n\t\t\t\t\t\t\t<div class=\"elementor-divider\">\n\t\t\t<span class=\"elementor-divider-separator\">\n\t\t\t\t\t\t<\/span>\n\t\t<\/div>\n\t\t\t\t\t\t<\/div>\n\t\t\t\t<\/div>\n\t\t<div class=\"elementor-element elementor-element-165691c e-con-full e-flex e-con e-child\" data-id=\"165691c\" data-element_type=\"container\">\n\t\t<div class=\"elementor-element elementor-element-6a81e9d e-con-full e-flex e-con e-child\" data-id=\"6a81e9d\" data-element_type=\"container\">\n\t\t\t\t<div class=\"elementor-element elementor-element-54be6b2 elementor-widget elementor-widget-heading\" data-id=\"54be6b2\" data-element_type=\"widget\" data-widget_type=\"heading.default\">\n\t\t\t\t<div class=\"elementor-widget-container\">\n\t\t\t\t\t<h2 class=\"elementor-heading-title elementor-size-default\">Quy Nhon office<\/h2>\t\t\t\t<\/div>\n\t\t\t\t<\/div>\n\t\t\t\t<div class=\"elementor-element elementor-element-3a0e1d4 elementor-widget elementor-widget-text-editor\" data-id=\"3a0e1d4\" data-element_type=\"widget\" data-widget_type=\"text-editor.default\">\n\t\t\t\t<div class=\"elementor-widget-container\">\n\t\t\t\t\t\t\t\t\t<p>Address: 85 Huynh Tan Phat Street, Quy Nhon Ward, Gia Lai Province, Vietnam<\/p><p>Email: <a href=\"mailto:tin@tin-associates.com.vn\">tin@tin-associates.com.vn<\/a>\u00a0\u00a0\u00a0\u00a0\u00a0<\/p><p>Phone: <a href=\"tel:0909.005.641\">0909.005.641<\/a> \u2013 <a href=\"tel:0909.005.641\">0962.157.959<\/a><\/p>\t\t\t\t\t\t\t\t<\/div>\n\t\t\t\t<\/div>\n\t\t\t\t<\/div>\n\t\t<div class=\"elementor-element elementor-element-fd26494 e-con-full e-flex e-con e-child\" data-id=\"fd26494\" data-element_type=\"container\">\n\t\t\t\t<div class=\"elementor-element elementor-element-f523829 elementor-widget elementor-widget-image\" data-id=\"f523829\" data-element_type=\"widget\" data-widget_type=\"image.default\">\n\t\t\t\t<div class=\"elementor-widget-container\">\n\t\t\t\t\t\t\t\t\t\t\t\t\t\t\t<img decoding=\"async\" width=\"280\" height=\"200\" src=\"https:\/\/tin-associates.com.vn\/wp-content\/uploads\/2024\/12\/Melia-Hotel-Hanoi.jpg\" class=\"attachment-full size-full wp-image-211\" alt=\"\" \/>\t\t\t\t\t\t\t\t\t\t\t\t\t\t\t<\/div>\n\t\t\t\t<\/div>\n\t\t\t\t<\/div>\n\t\t\t\t<\/div>\n\t\t\t\t<\/div>\n\t\t<div class=\"elementor-element elementor-element-48e177f e-con-full e-flex e-con e-child\" data-id=\"48e177f\" data-element_type=\"container\">\n\t\t<div class=\"elementor-element elementor-element-8b879fd e-con-full e-flex e-con e-child\" data-id=\"8b879fd\" data-element_type=\"container\" data-settings=\"{&quot;background_background&quot;:&quot;classic&quot;}\">\n\t\t\t\t<div class=\"elementor-element elementor-element-a2fc546 html-info-side elementor-widget elementor-widget-text-editor\" data-id=\"a2fc546\" data-element_type=\"widget\" data-widget_type=\"text-editor.default\">\n\t\t\t\t<div class=\"elementor-widget-container\">\n\t\t\t\t\t\t\t\t\t<ul><li><a href=\"https:\/\/tin-associates.com.vn\/en_us\/about-us\/van-phong\/\">Office<\/a><\/li><li><a href=\"https:\/\/tin-associates.com.vn\/en_us\/about-us\/thanh-tuu\/\">Awards<\/a><\/li><\/ul>\t\t\t\t\t\t\t\t<\/div>\n\t\t\t\t<\/div>\n\t\t\t\t<\/div>\n\t\t\t\t<div class=\"elementor-element elementor-element-0ffa836 elementor-widget elementor-widget-button\" data-id=\"0ffa836\" data-element_type=\"widget\" data-widget_type=\"button.default\">\n\t\t\t\t<div class=\"elementor-widget-container\">\n\t\t\t\t\t\t\t\t\t<div class=\"elementor-button-wrapper\">\n\t\t\t\t\t<a class=\"elementor-button elementor-button-link elementor-size-sm\" href=\"#\">\n\t\t\t\t\t\t<span class=\"elementor-button-content-wrapper\">\n\t\t\t\t\t\t\t\t\t<span class=\"elementor-button-text\">Contact<\/span>\n\t\t\t\t\t<\/span>\n\t\t\t\t\t<\/a>\n\t\t\t\t<\/div>\n\t\t\t\t\t\t\t\t<\/div>\n\t\t\t\t<\/div>\n\t\t\t\t<\/div>\n\t\t\t\t\t<\/div>\n\t\t\t\t<\/div>\n\t\t\t\t<\/div>","protected":false},"excerpt":{"rendered":"<p>V\u0103n ph\u00f2ng TP. H\u1ed3 Ch\u00ed Minh \u0110\u1ecba ch\u1ec9: 75\/16 Ho\u00e0ng Sa, ph\u01b0\u1eddng S\u00e0i G\u00f2n, TP. H\u1ed3 Ch\u00ed Minh Email: tin@tin-associates.com.vn\u00a0\u00a0\u00a0\u00a0\u00a0 \u0110i\u1ec7n tho\u1ea1i: 0909.005.641 \u2013 0962.157.959 V\u0103n ph\u00f2ng TP. Quy Nh\u01a1n \u0110\u1ecba ch\u1ec9: 85 Hu\u1ef3nh T\u1ea5n Ph\u00e1t, ph\u01b0\u1eddng Quy Nh\u01a1n, t\u1ec9nh Gia Lai Email: tin@tin-associates.com.vn\u00a0\u00a0\u00a0\u00a0\u00a0 \u0110i\u1ec7n tho\u1ea1i: 0909.005.641 \u2013 0962.157.959 V\u0103n ph\u00f2ng Th\u00e0nh t\u1ef1u Li\u00ean h\u1ec7<\/p>","protected":false},"author":1,"featured_media":0,"parent":103,"menu_order":0,"comment_status":"closed","ping_status":"closed","template":"elementor_header_footer","meta":{"_acf_changed":false,"footnotes":""},"class_list":["post-136","page","type-page","status-publish","hentry"],"acf":[],"_links":{"self":[{"href":"https:\/\/tin-associates.com.vn\/en_us\/wp-json\/wp\/v2\/pages\/136","targetHints":{"allow":["GET"]}}],"collection":[{"href":"https:\/\/tin-associates.com.vn\/en_us\/wp-json\/wp\/v2\/pages"}],"about":[{"href":"https:\/\/tin-associates.com.vn\/en_us\/wp-json\/wp\/v2\/types\/page"}],"author":[{"embeddable":true,"href":"https:\/\/tin-associates.com.vn\/en_us\/wp-json\/wp\/v2\/users\/1"}],"replies":[{"embeddable":true,"href":"https:\/\/tin-associates.com.vn\/en_us\/wp-json\/wp\/v2\/comments?post=136"}],"version-history":[{"count":50,"href":"https:\/\/tin-associates.com.vn\/en_us\/wp-json\/wp\/v2\/pages\/136\/revisions"}],"predecessor-version":[{"id":1091,"href":"https:\/\/tin-associates.com.vn\/en_us\/wp-json\/wp\/v2\/pages\/136\/revisions\/1091"}],"up":[{"embeddable":true,"href":"https:\/\/tin-associates.com.vn\/en_us\/wp-json\/wp\/v2\/pages\/103"}],"wp:attachment":[{"href":"https:\/\/tin-associates.com.vn\/en_us\/wp-json\/wp\/v2\/media?parent=136"}],"curies":[{"name":"wp","href":"https:\/\/api.w.org\/{rel}","templated":true}]}}