{"id":103,"date":"2024-12-12T07:44:20","date_gmt":"2024-12-12T07:44:20","guid":{"rendered":"https:\/\/tin-associates.com.vn\/?page_id=103"},"modified":"2025-07-15T14:36:26","modified_gmt":"2025-07-15T07:36:26","slug":"about-us","status":"publish","type":"page","link":"https:\/\/tin-associates.com.vn\/en_us\/about-us\/","title":{"rendered":"About Us"},"content":{"rendered":"<div data-elementor-type=\"wp-page\" data-elementor-id=\"103\" class=\"elementor elementor-103\" data-elementor-post-type=\"page\">\n\t\t\t\t<div class=\"elementor-element elementor-element-e8324a7 e-con-full e-flex e-con e-parent\" data-id=\"e8324a7\" data-element_type=\"container\">\n\t\t\t\t<div class=\"elementor-element elementor-element-2fd9f1e elementor-widget elementor-widget-image\" data-id=\"2fd9f1e\" data-element_type=\"widget\" data-widget_type=\"image.default\">\n\t\t\t\t<div class=\"elementor-widget-container\">\n\t\t\t\t\t\t\t\t\t\t\t\t\t\t\t<img fetchpriority=\"high\" decoding=\"async\" width=\"1200\" height=\"328\" src=\"https:\/\/tin-associates.com.vn\/wp-content\/uploads\/2025\/01\/steptodown.com576247.jpg\" class=\"attachment-full size-full wp-image-819\" alt=\"\" srcset=\"https:\/\/tin-associates.com.vn\/wp-content\/uploads\/2025\/01\/steptodown.com576247.jpg 1200w, https:\/\/tin-associates.com.vn\/wp-content\/uploads\/2025\/01\/steptodown.com576247-300x82.jpg 300w, https:\/\/tin-associates.com.vn\/wp-content\/uploads\/2025\/01\/steptodown.com576247-1024x280.jpg 1024w, https:\/\/tin-associates.com.vn\/wp-content\/uploads\/2025\/01\/steptodown.com576247-768x210.jpg 768w, https:\/\/tin-associates.com.vn\/wp-content\/uploads\/2025\/01\/steptodown.com576247-18x5.jpg 18w\" sizes=\"(max-width: 1200px) 100vw, 1200px\" \/>\t\t\t\t\t\t\t\t\t\t\t\t\t\t\t<\/div>\n\t\t\t\t<\/div>\n\t\t\t\t<\/div>\n\t\t<div class=\"elementor-element elementor-element-fad227a e-flex e-con-boxed e-con e-parent\" data-id=\"fad227a\" data-element_type=\"container\">\n\t\t\t\t\t<div class=\"e-con-inner\">\n\t\t<div class=\"elementor-element elementor-element-c23243d e-con-full e-flex e-con e-child\" data-id=\"c23243d\" data-element_type=\"container\">\n\t\t\t\t<div class=\"elementor-element elementor-element-3b63feb elementor-widget-divider--view-line elementor-widget elementor-widget-divider\" data-id=\"3b63feb\" data-element_type=\"widget\" data-widget_type=\"divider.default\">\n\t\t\t\t<div class=\"elementor-widget-container\">\n\t\t\t\t\t\t\t<div class=\"elementor-divider\">\n\t\t\t<span class=\"elementor-divider-separator\">\n\t\t\t\t\t\t<\/span>\n\t\t<\/div>\n\t\t\t\t\t\t<\/div>\n\t\t\t\t<\/div>\n\t\t\t\t<div class=\"elementor-element elementor-element-5e5ed82 elementor-widget elementor-widget-text-editor\" data-id=\"5e5ed82\" data-element_type=\"widget\" data-widget_type=\"text-editor.default\">\n\t\t\t\t<div class=\"elementor-widget-container\">\n\t\t\t\t\t\t\t\t\t<p><img decoding=\"async\" class=\"size-medium wp-image-1065 aligncenter\" src=\"https:\/\/tin-associates.com.vn\/wp-content\/uploads\/2025\/06\/z6693317094227_18685906c7c732520617e9f738e12f7c-300x200.jpg\" alt=\"\" width=\"600\" height=\"400\" srcset=\"https:\/\/tin-associates.com.vn\/wp-content\/uploads\/2025\/06\/z6693317094227_18685906c7c732520617e9f738e12f7c-300x200.jpg 300w, https:\/\/tin-associates.com.vn\/wp-content\/uploads\/2025\/06\/z6693317094227_18685906c7c732520617e9f738e12f7c-1024x683.jpg 1024w, https:\/\/tin-associates.com.vn\/wp-content\/uploads\/2025\/06\/z6693317094227_18685906c7c732520617e9f738e12f7c-768x512.jpg 768w, https:\/\/tin-associates.com.vn\/wp-content\/uploads\/2025\/06\/z6693317094227_18685906c7c732520617e9f738e12f7c-1536x1024.jpg 1536w, https:\/\/tin-associates.com.vn\/wp-content\/uploads\/2025\/06\/z6693317094227_18685906c7c732520617e9f738e12f7c-2048x1366.jpg 2048w, https:\/\/tin-associates.com.vn\/wp-content\/uploads\/2025\/06\/z6693317094227_18685906c7c732520617e9f738e12f7c-18x12.jpg 18w\" sizes=\"(max-width: 600px) 100vw, 600px\" \/><\/p><p>Tin &amp; Associates is a Vietnamese law firm providing a broad range of legal services to both domestic and international corporations, as well as individual clients. Our team of highly skilled and experienced lawyers is dedicated to delivering expert legal advice and representation, always with the goal of safeguarding our clients' interests. With an in-depth understanding of the Vietnamese legal system, we strive to offer practical, effective solutions tailored to meet the unique needs of each client.<\/p><p>Guided by our core values of loyalty to our clients and prestige to our employees and partners, Tin &amp; Associates continuously works to uphold these principles in all aspects of our practice.<strong><em>Loyalty to Clients \u2013 Credibility with Employees and Partners<\/em><\/strong>\u201d, T\u00cdN &amp; ASSOCIATES lu\u00f4n n\u1ed7 l\u1ef1c kh\u00f4ng ng\u1eebng \u0111\u1ec3 ho\u00e0n th\u00e0nh s\u1ee9 m\u1ec7nh \u0111\u00f3.<\/p><p>Under the leadership of Managing Partner, Lawyer Nguyen Trung Tin, Tin &amp; Associates remains committed to enhancing the quality of our legal services, ensuring that we provide clients with the highest standard of legal counsel and representation.<\/p><p>L\u0129nh v\u1ef1c ho\u1ea1t \u0111\u1ed9ng \u0111a d\u1ea1ng g\u1ed3m: tham gia t\u1ed1 t\u1ee5ng h\u00ecnh s\u1ef1 (b\u00e0o ch\u1eefa, b\u1ea3o v\u1ec7 quy\u1ec1n l\u1ee3i \u00edch h\u1ee3p ph\u00e1p); tham gia t\u01b0 v\u1ea5n, t\u1ed1 t\u1ee5ng c\u00e1c v\u1ee5 \u00e1n, v\u1ee5 vi\u1ec7c d\u00e2n s\u1ef1; t\u01b0 v\u1ea5n cho c\u00e1c doanh nghi\u1ec7p, nh\u00e0 \u0111\u1ea7u t\u01b0; Lu\u1eadt s\u01b0 ri\u00eang cho c\u00e1 nh\u00e2n, gia \u0111\u00ecnh&#8230;<\/p><p>Tin &amp; Associates operates from two strategic locations: Quy Nhon City in Binh Dinh Province and Ho Chi Minh City, enabling us to serve clients across Vietnam with efficiency and professionalism.<\/p>\t\t\t\t\t\t\t\t<\/div>\n\t\t\t\t<\/div>\n\t\t\t\t<div class=\"elementor-element elementor-element-ed68c63 elementor-widget elementor-widget-heading\" data-id=\"ed68c63\" data-element_type=\"widget\" data-widget_type=\"heading.default\">\n\t\t\t\t<div class=\"elementor-widget-container\">\n\t\t\t\t\t<h2 class=\"elementor-heading-title elementor-size-default\">Ho Chi Minh office<\/h2>\t\t\t\t<\/div>\n\t\t\t\t<\/div>\n\t\t\t\t<div class=\"elementor-element elementor-element-dc5af9b elementor-widget elementor-widget-text-editor\" data-id=\"dc5af9b\" data-element_type=\"widget\" data-widget_type=\"text-editor.default\">\n\t\t\t\t<div class=\"elementor-widget-container\">\n\t\t\t\t\t\t\t\t\t<p>Address: 75\/16 Hoang Sa Street, Sai Gon Ward, Ho Chi Minh City, Vietnam<\/p><p>Email: <a href=\"mailto:tin@tin-associates.com.vn\">tin@tin-associates.com.vn<\/a>\u00a0\u00a0\u00a0\u00a0\u00a0<\/p><p>Phone: <a href=\"tel:0909.005.641\">0909.005.641<\/a> \u2013 <a href=\"tel:0909.005.641\">0962.157.959<\/a><\/p>\t\t\t\t\t\t\t\t<\/div>\n\t\t\t\t<\/div>\n\t\t\t\t<div class=\"elementor-element elementor-element-ff8be7e elementor-widget elementor-widget-heading\" data-id=\"ff8be7e\" data-element_type=\"widget\" data-widget_type=\"heading.default\">\n\t\t\t\t<div class=\"elementor-widget-container\">\n\t\t\t\t\t<h2 class=\"elementor-heading-title elementor-size-default\">Quy Nhon office<\/h2>\t\t\t\t<\/div>\n\t\t\t\t<\/div>\n\t\t\t\t<div class=\"elementor-element elementor-element-07d36d8 elementor-widget elementor-widget-text-editor\" data-id=\"07d36d8\" data-element_type=\"widget\" data-widget_type=\"text-editor.default\">\n\t\t\t\t<div class=\"elementor-widget-container\">\n\t\t\t\t\t\t\t\t\t<p>Address: 85 Huynh Tan Phat Street, Quy Nhon Ward, Gia Lai Province, Vietnam<\/p><p>Email: <a href=\"mailto:tin@tin-associates.com.vn\">tin@tin-associates.com.vn<\/a>\u00a0\u00a0\u00a0\u00a0\u00a0<\/p><p>Phone: <a href=\"tel:0909.005.641\">0909.005.641<\/a> \u2013 <a href=\"tel:0909.005.641\">0962.157.959<\/a><\/p>\t\t\t\t\t\t\t\t<\/div>\n\t\t\t\t<\/div>\n\t\t\t\t<\/div>\n\t\t<div class=\"elementor-element elementor-element-d372d30 e-con-full e-flex e-con e-child\" data-id=\"d372d30\" data-element_type=\"container\">\n\t\t<div class=\"elementor-element elementor-element-3f59641 e-con-full e-flex e-con e-child\" data-id=\"3f59641\" data-element_type=\"container\" data-settings=\"{&quot;background_background&quot;:&quot;classic&quot;}\">\n\t\t\t\t<div class=\"elementor-element elementor-element-057ca39 html-info-side elementor-widget elementor-widget-text-editor\" data-id=\"057ca39\" data-element_type=\"widget\" data-widget_type=\"text-editor.default\">\n\t\t\t\t<div class=\"elementor-widget-container\">\n\t\t\t\t\t\t\t\t\t<ul><li><a href=\"https:\/\/tin-associates.com.vn\/en_us\/about-us\/van-phong\/\">Office<\/a><\/li><li><a href=\"https:\/\/tin-associates.com.vn\/en_us\/about-us\/thanh-tuu\/\">Awards<\/a><\/li><\/ul>\t\t\t\t\t\t\t\t<\/div>\n\t\t\t\t<\/div>\n\t\t\t\t<\/div>\n\t\t\t\t<div class=\"elementor-element elementor-element-d09f8ab elementor-widget elementor-widget-button\" data-id=\"d09f8ab\" data-element_type=\"widget\" data-widget_type=\"button.default\">\n\t\t\t\t<div class=\"elementor-widget-container\">\n\t\t\t\t\t\t\t\t\t<div class=\"elementor-button-wrapper\">\n\t\t\t\t\t<a class=\"elementor-button elementor-button-link elementor-size-sm\" href=\"#\">\n\t\t\t\t\t\t<span class=\"elementor-button-content-wrapper\">\n\t\t\t\t\t\t\t\t\t<span class=\"elementor-button-text\">Contact<\/span>\n\t\t\t\t\t<\/span>\n\t\t\t\t\t<\/a>\n\t\t\t\t<\/div>\n\t\t\t\t\t\t\t\t<\/div>\n\t\t\t\t<\/div>\n\t\t\t\t<\/div>\n\t\t\t\t\t<\/div>\n\t\t\t\t<\/div>\n\t\t\t\t<\/div>","protected":false},"excerpt":{"rendered":"<p>T\u00cdN &amp; ASSOCIATES l\u00e0 C\u00f4ng ty Lu\u1eadt t\u1ea1i Vi\u1ec7t Nam, chuy\u00ean cung c\u1ea5p \u0111a d\u1ea1ng c\u00e1c d\u1ecbch v\u1ee5 ph\u00e1p l\u00fd cho c\u00e1c t\u1ed5 ch\u1ee9c, doanh nghi\u1ec7p, c\u00e1 nh\u00e2n trong v\u00e0 ngo\u00e0i n\u01b0\u1edbc. V\u1edbi s\u1ee9 m\u1ec7nh \u201cTrung th\u00e0nh v\u1edbi kh\u00e1ch h\u00e0ng \u2013 Uy t\u00edn v\u1edbi nh\u00e2n vi\u00ean, \u0111\u1ed1i t\u00e1c\u201d, T\u00cdN &amp; ASSOCIATES lu\u00f4n n\u1ed7 l\u1ef1c kh\u00f4ng [&hellip;]<\/p>","protected":false},"author":1,"featured_media":0,"parent":0,"menu_order":0,"comment_status":"closed","ping_status":"closed","template":"elementor_header_footer","meta":{"_acf_changed":false,"footnotes":""},"class_list":["post-103","page","type-page","status-publish","hentry"],"acf":[],"_links":{"self":[{"href":"https:\/\/tin-associates.com.vn\/en_us\/wp-json\/wp\/v2\/pages\/103","targetHints":{"allow":["GET"]}}],"collection":[{"href":"https:\/\/tin-associates.com.vn\/en_us\/wp-json\/wp\/v2\/pages"}],"about":[{"href":"https:\/\/tin-associates.com.vn\/en_us\/wp-json\/wp\/v2\/types\/page"}],"author":[{"embeddable":true,"href":"https:\/\/tin-associates.com.vn\/en_us\/wp-json\/wp\/v2\/users\/1"}],"replies":[{"embeddable":true,"href":"https:\/\/tin-associates.com.vn\/en_us\/wp-json\/wp\/v2\/comments?post=103"}],"version-history":[{"count":116,"href":"https:\/\/tin-associates.com.vn\/en_us\/wp-json\/wp\/v2\/pages\/103\/revisions"}],"predecessor-version":[{"id":1082,"href":"https:\/\/tin-associates.com.vn\/en_us\/wp-json\/wp\/v2\/pages\/103\/revisions\/1082"}],"wp:attachment":[{"href":"https:\/\/tin-associates.com.vn\/en_us\/wp-json\/wp\/v2\/media?parent=103"}],"curies":[{"name":"wp","href":"https:\/\/api.w.org\/{rel}","templated":true}]}}